{"id":33,"date":"2025-11-22T09:00:29","date_gmt":"2025-11-22T09:00:29","guid":{"rendered":"https:\/\/www.drhayriyealp.com\/?page_id=33"},"modified":"2026-02-25T10:04:31","modified_gmt":"2026-02-25T10:04:31","slug":"ozon-terapisi","status":"publish","type":"page","link":"https:\/\/www.drhayriyealp.com\/?page_id=33","title":{"rendered":"Ozon Terapisi"},"content":{"rendered":"\n<h1 class=\"wp-block-heading\">Ozon Terapisi<\/h1>\n\n\n\n<p>G\u00fcn\u00fcm\u00fcz modern ya\u015fam temposu, stres, \u00e7evresel toksinler ve d\u00fczensiz beslenme al\u0131\u015fkanl\u0131klar\u0131 v\u00fccudumuzun direncini g\u00fcnden g\u00fcne d\u00fc\u015f\u00fcr\u00fcyor. Kendinizi s\u00fcrekli yorgun hissediyor, sabahlar\u0131 yataktan zor kalk\u0131yor veya s\u0131k s\u0131k hastalan\u0131yorsan\u0131z, v\u00fccudunuzun sessiz yard\u0131m \u00e7a\u011fr\u0131s\u0131na kulak vermenin vakti gelmi\u015f demektir. \u0130\u015fte tam bu noktada, son y\u0131llar\u0131n en pop\u00fcler tamamlay\u0131c\u0131 t\u0131p uygulamalar\u0131ndan biri olan <strong>Ozon Terapisi<\/strong> devreye giriyor. Oksijenin en g\u00fc\u00e7l\u00fc haliyle tan\u0131\u015farak, sa\u011fl\u0131\u011f\u0131n\u0131z\u0131 do\u011fal yollardan desteklemeniz m\u00fcmk\u00fcn.<\/p>\n\n\n\n<h2 class=\"wp-block-heading\">Ozon Terapisi Nedir?<\/h2>\n\n\n\n<p>Ozon, atmosferde bizi g\u00fcne\u015fin zararl\u0131 \u0131\u015f\u0131nlar\u0131ndan koruyan tabaka olarak bilinse de t\u0131bbi alanda kullan\u0131m\u0131 olduk\u00e7a k\u00f6kl\u00fc bir ge\u00e7mi\u015fe sahiptir. T\u0131bbi ozon, saf oksijen ile ozon gaz\u0131n\u0131n belirli oranlarda kar\u0131\u015ft\u0131r\u0131lmas\u0131yla elde edilir. Bu tedavi, v\u00fccudun oksijenlenmesini art\u0131rarak ba\u011f\u0131\u015f\u0131kl\u0131k sistemini g\u00fc\u00e7lendirmeyi ve h\u00fccresel yenilenmeyi h\u0131zland\u0131rmay\u0131 ama\u00e7lar.<\/p>\n\n\n\n<p>tamamlay\u0131c\u0131 t\u0131p alan\u0131nda \u00f6nc\u00fc \u00e7al\u0131\u015fmalara imza atan <strong>Uzm. Dr. Hayriye Alp<\/strong>, ozon terapisini hastan\u0131n ihtiyac\u0131na g\u00f6re ki\u015fiselle\u015ftirilmi\u015f protokollerle uygulamaktad\u0131r. Amac\u0131m\u0131z sadece hastal\u0131\u011f\u0131 tedavi etmek de\u011fil, ayn\u0131 zamanda v\u00fccudun kendi iyile\u015fme mekanizmalar\u0131n\u0131 harekete ge\u00e7irmektir.<\/p>\n","protected":false},"excerpt":{"rendered":"<p>Ozon Terapisi G\u00fcn\u00fcm\u00fcz modern ya\u015fam temposu, stres, \u00e7evresel toksinler ve d\u00fczensiz beslenme al\u0131\u015fkanl\u0131klar\u0131 v\u00fccudumuzun direncini g\u00fcnden g\u00fcne d\u00fc\u015f\u00fcr\u00fcyor. Kendinizi s\u00fcrekli yorgun hissediyor, sabahlar\u0131 yataktan zor kalk\u0131yor veya s\u0131k s\u0131k hastalan\u0131yorsan\u0131z, v\u00fccudunuzun sessiz yard\u0131m \u00e7a\u011fr\u0131s\u0131na kulak vermenin vakti gelmi\u015f demektir. \u0130\u015fte tam bu noktada, son y\u0131llar\u0131n en pop\u00fcler tamamlay\u0131c\u0131 t\u0131p uygulamalar\u0131ndan biri olan Ozon Terapisi devreye [&hellip;]<\/p>\n","protected":false},"author":1,"featured_media":85,"parent":0,"menu_order":0,"comment_status":"closed","ping_status":"closed","template":"","meta":{"footnotes":""},"class_list":["post-33","page","type-page","status-publish","has-post-thumbnail","hentry"],"_links":{"self":[{"href":"https:\/\/www.drhayriyealp.com\/index.php?rest_route=\/wp\/v2\/pages\/33","targetHints":{"allow":["GET"]}}],"collection":[{"href":"https:\/\/www.drhayriyealp.com\/index.php?rest_route=\/wp\/v2\/pages"}],"about":[{"href":"https:\/\/www.drhayriyealp.com\/index.php?rest_route=\/wp\/v2\/types\/page"}],"author":[{"embeddable":true,"href":"https:\/\/www.drhayriyealp.com\/index.php?rest_route=\/wp\/v2\/users\/1"}],"replies":[{"embeddable":true,"href":"https:\/\/www.drhayriyealp.com\/index.php?rest_route=%2Fwp%2Fv2%2Fcomments&post=33"}],"version-history":[{"count":5,"href":"https:\/\/www.drhayriyealp.com\/index.php?rest_route=\/wp\/v2\/pages\/33\/revisions"}],"predecessor-version":[{"id":187,"href":"https:\/\/www.drhayriyealp.com\/index.php?rest_route=\/wp\/v2\/pages\/33\/revisions\/187"}],"wp:featuredmedia":[{"embeddable":true,"href":"https:\/\/www.drhayriyealp.com\/index.php?rest_route=\/wp\/v2\/media\/85"}],"wp:attachment":[{"href":"https:\/\/www.drhayriyealp.com\/index.php?rest_route=%2Fwp%2Fv2%2Fmedia&parent=33"}],"curies":[{"name":"wp","href":"https:\/\/api.w.org\/{rel}","templated":true}]}}