{"id":18,"date":"2025-11-22T09:00:02","date_gmt":"2025-11-22T09:00:02","guid":{"rendered":"https:\/\/www.drhayriyealp.com\/?page_id=18"},"modified":"2026-02-25T10:05:50","modified_gmt":"2026-02-25T10:05:50","slug":"suluk-tedavisi","status":"publish","type":"page","link":"https:\/\/www.drhayriyealp.com\/?page_id=18","title":{"rendered":"S\u00fcl\u00fck Tedavisi"},"content":{"rendered":"\n<h1 class=\"wp-block-heading\">S\u00fcl\u00fck Tedavisi<\/h1>\n\n\n\n<p>Binlerce y\u0131ll\u0131k ge\u00e7mi\u015fe sahip olan ve g\u00fcn\u00fcm\u00fczde modern t\u0131bb\u0131n da onaylad\u0131\u011f\u0131 en etkili tamamlay\u0131c\u0131 tedavi y\u00f6ntemlerinden biri hi\u00e7 \u015f\u00fcphesiz s\u00fcl\u00fck tedavisidir. T\u0131bbi literat\u00fcrde &#8220;Hirudoterapi&#8221; olarak bilinen bu y\u00f6ntem, v\u00fccudun kendi kendini iyile\u015ftirme mekanizmas\u0131n\u0131 harekete ge\u00e7iren mucizevi bir s\u00fcre\u00e7tir. \u00d6zellikle <strong>s\u00fcl\u00fck tedavisi<\/strong> aray\u0131\u015f\u0131nda olan hastalar\u0131m\u0131z i\u00e7in, bu tedavinin steril ortamlarda ve uzman hekim kontrol\u00fcnde yap\u0131lmas\u0131 hayati \u00f6nem ta\u015f\u0131r.<\/p>\n\n\n\n<p>geleneksel ve tamamlay\u0131c\u0131 t\u0131p alan\u0131nda \u00f6nc\u00fc bir isim olan <strong>Uzm. Dr. Hayriye Alp<\/strong>, s\u00fcl\u00fck tedavisini sadece kan\u0131 temizleme i\u015flemi olarak de\u011fil, v\u00fccuda biyoaktif enzimlerin enjekte edildi\u011fi bir &#8220;biyo-cerrahi&#8221; m\u00fcdahale olarak ele almaktad\u0131r.<\/p>\n\n\n\n<h2 class=\"wp-block-heading\">S\u00fcl\u00fck Tedavisi (Hirudoterapi) Nedir ve Nas\u0131l Etki Eder?<\/h2>\n\n\n\n<p>Halk aras\u0131nda genellikle sadece &#8220;kirli kan\u0131 emmek&#8221; olarak bilinen s\u00fcl\u00fck tedavisi, asl\u0131nda bundan \u00e7ok daha fazlas\u0131d\u0131r. T\u0131bbi s\u00fcl\u00fckler, \u0131s\u0131rd\u0131klar\u0131 b\u00f6lgeden kan emerken, salg\u0131lar\u0131nda bulunan 100\u2019den fazla biyoaktif maddeyi insan v\u00fccuduna verirler. Bu enzimler; kan\u0131n p\u0131ht\u0131la\u015fmas\u0131n\u0131 engelleyici, a\u011fr\u0131 kesici, mikrop \u00f6ld\u00fcr\u00fcc\u00fc, tansiyon dengeleyici ve kas gev\u015fetici \u00f6zelliklere sahiptir.<\/p>\n\n\n\n<p>klini\u011fimizde uygulad\u0131\u011f\u0131m\u0131z s\u00fcl\u00fck tedavisi, v\u00fccudun genel dengesini sa\u011flamay\u0131 hedefler. S\u00fcl\u00fcklerin salg\u0131lad\u0131\u011f\u0131 &#8220;Hirudin&#8221; ve &#8220;Calin&#8221; gibi maddeler, dola\u015f\u0131m sistemindeki t\u0131kan\u0131kl\u0131klar\u0131 a\u00e7arak h\u00fccrelerin yeniden oksijenle bulu\u015fmas\u0131n\u0131 sa\u011flar.<\/p>\n","protected":false},"excerpt":{"rendered":"<p>S\u00fcl\u00fck Tedavisi Binlerce y\u0131ll\u0131k ge\u00e7mi\u015fe sahip olan ve g\u00fcn\u00fcm\u00fczde modern t\u0131bb\u0131n da onaylad\u0131\u011f\u0131 en etkili tamamlay\u0131c\u0131 tedavi y\u00f6ntemlerinden biri hi\u00e7 \u015f\u00fcphesiz s\u00fcl\u00fck tedavisidir. T\u0131bbi literat\u00fcrde &#8220;Hirudoterapi&#8221; olarak bilinen bu y\u00f6ntem, v\u00fccudun kendi kendini iyile\u015ftirme mekanizmas\u0131n\u0131 harekete ge\u00e7iren mucizevi bir s\u00fcre\u00e7tir. \u00d6zellikle s\u00fcl\u00fck tedavisi aray\u0131\u015f\u0131nda olan hastalar\u0131m\u0131z i\u00e7in, bu tedavinin steril ortamlarda ve uzman hekim kontrol\u00fcnde [&hellip;]<\/p>\n","protected":false},"author":1,"featured_media":89,"parent":0,"menu_order":0,"comment_status":"closed","ping_status":"closed","template":"","meta":{"footnotes":""},"class_list":["post-18","page","type-page","status-publish","has-post-thumbnail","hentry"],"_links":{"self":[{"href":"https:\/\/www.drhayriyealp.com\/index.php?rest_route=\/wp\/v2\/pages\/18","targetHints":{"allow":["GET"]}}],"collection":[{"href":"https:\/\/www.drhayriyealp.com\/index.php?rest_route=\/wp\/v2\/pages"}],"about":[{"href":"https:\/\/www.drhayriyealp.com\/index.php?rest_route=\/wp\/v2\/types\/page"}],"author":[{"embeddable":true,"href":"https:\/\/www.drhayriyealp.com\/index.php?rest_route=\/wp\/v2\/users\/1"}],"replies":[{"embeddable":true,"href":"https:\/\/www.drhayriyealp.com\/index.php?rest_route=%2Fwp%2Fv2%2Fcomments&post=18"}],"version-history":[{"count":6,"href":"https:\/\/www.drhayriyealp.com\/index.php?rest_route=\/wp\/v2\/pages\/18\/revisions"}],"predecessor-version":[{"id":189,"href":"https:\/\/www.drhayriyealp.com\/index.php?rest_route=\/wp\/v2\/pages\/18\/revisions\/189"}],"wp:featuredmedia":[{"embeddable":true,"href":"https:\/\/www.drhayriyealp.com\/index.php?rest_route=\/wp\/v2\/media\/89"}],"wp:attachment":[{"href":"https:\/\/www.drhayriyealp.com\/index.php?rest_route=%2Fwp%2Fv2%2Fmedia&parent=18"}],"curies":[{"name":"wp","href":"https:\/\/api.w.org\/{rel}","templated":true}]}}