{"id":17,"date":"2025-11-22T08:59:57","date_gmt":"2025-11-22T08:59:57","guid":{"rendered":"https:\/\/www.drhayriyealp.com\/?page_id=17"},"modified":"2026-02-25T10:03:43","modified_gmt":"2026-02-25T10:03:43","slug":"kupa-hacamat-tedavisi","status":"publish","type":"page","link":"https:\/\/www.drhayriyealp.com\/?page_id=17","title":{"rendered":"Kupa (Hacamat) Tedavisi"},"content":{"rendered":"\n<h1 class=\"wp-block-heading\">Kupa (Hacamat) Tedavisi<\/h1>\n\n\n\n<p>Modern ya\u015fam\u0131n getirdi\u011fi stres, yanl\u0131\u015f beslenme al\u0131\u015fkanl\u0131klar\u0131 ve \u00e7evresel toksinler, zamanla v\u00fccudumuzun do\u011fal dengesini bozabilir. Sabahlar\u0131 yorgun uyanmak, ge\u00e7meyen s\u0131rt a\u011fr\u0131lar\u0131, migren ataklar\u0131 veya zay\u0131flayan ba\u011f\u0131\u015f\u0131kl\u0131k sistemi, asl\u0131nda v\u00fccudumuzun &#8220;ar\u0131nmaya ihtiyac\u0131m var&#8221; \u00e7\u0131\u011fl\u0131\u011f\u0131d\u0131r. Binlerce y\u0131ll\u0131k bir ge\u00e7mi\u015fe sahip olan ve g\u00fcn\u00fcm\u00fczde modern t\u0131bb\u0131n da kabul etti\u011fi <strong>kupa (hacamat) tedavisi<\/strong>, tam da bu noktada devreye giren en etkili detoks y\u00f6ntemlerinden biridir.<\/p>\n\n\n\n<p><strong>Uzm. Dr. Hayriye Alp<\/strong> klini\u011finde, tamamen steril ko\u015fullarda ve hekim g\u00f6zetiminde uygulanan kupa terapisi ile hem bedensel hem de zihinsel bir hafifleme ya\u015faman\u0131z m\u00fcmk\u00fcnd\u00fcr. Geleneksel \u015fifay\u0131 bilimsel y\u00f6ntemlerle harmanlayan klini\u011fimizde, sa\u011fl\u0131\u011f\u0131n\u0131z i\u00e7in en do\u011fru ad\u0131mlar\u0131 atman\u0131za yard\u0131mc\u0131 oluyoruz.<\/p>\n\n\n\n<h2 class=\"wp-block-heading\">Kupa Terapisi ve Hacamat Nedir?<\/h2>\n\n\n\n<p>Halk aras\u0131nda s\u0131kl\u0131kla birbirine kar\u0131\u015ft\u0131r\u0131lsa da kupa terapisi ve hacamat teknik olarak ayr\u0131\u015fan, ancak temelde ayn\u0131 prensibe dayanan uygulamalard\u0131r. Kupa terapisi (dry cupping), cilde kesi at\u0131lmadan sadece negatif bas\u0131n\u00e7 (vakum) uygulanarak kan dola\u015f\u0131m\u0131n\u0131n h\u0131zland\u0131r\u0131lmas\u0131 i\u015flemidir.<\/p>\n\n\n\n<p><strong>Hacamat (wet cupping)<\/strong> ise; deri alt\u0131nda birikmi\u015f, v\u00fccudun kullanamad\u0131\u011f\u0131, a\u011f\u0131r metaller ve toksinlerle y\u00fcklenmi\u015f dura\u011fan kan\u0131n (at\u0131l kan), steril bist\u00fcrilerle yap\u0131lan mikro \u00e7izikler ve vakumlama yoluyla v\u00fccuttan uzakla\u015ft\u0131r\u0131lmas\u0131d\u0131r. Bu i\u015flem, bir nevi kan\u0131n filtrelenmesi ve damar t\u0131kan\u0131kl\u0131klar\u0131n\u0131n \u00f6nlenmesi anlam\u0131na gelir. \u00d6zellikle kupa (hacamat) tedavisi aray\u0131\u015f\u0131nda olan hastalar\u0131m\u0131z i\u00e7in bu ayr\u0131m\u0131 bilmek ve i\u015flemi mutlaka bir hekim kontrol\u00fcnde yapt\u0131rmak hayati \u00f6nem ta\u015f\u0131r.<\/p>\n","protected":false},"excerpt":{"rendered":"<p>Kupa (Hacamat) Tedavisi Modern ya\u015fam\u0131n getirdi\u011fi stres, yanl\u0131\u015f beslenme al\u0131\u015fkanl\u0131klar\u0131 ve \u00e7evresel toksinler, zamanla v\u00fccudumuzun do\u011fal dengesini bozabilir. Sabahlar\u0131 yorgun uyanmak, ge\u00e7meyen s\u0131rt a\u011fr\u0131lar\u0131, migren ataklar\u0131 veya zay\u0131flayan ba\u011f\u0131\u015f\u0131kl\u0131k sistemi, asl\u0131nda v\u00fccudumuzun &#8220;ar\u0131nmaya ihtiyac\u0131m var&#8221; \u00e7\u0131\u011fl\u0131\u011f\u0131d\u0131r. Binlerce y\u0131ll\u0131k bir ge\u00e7mi\u015fe sahip olan ve g\u00fcn\u00fcm\u00fczde modern t\u0131bb\u0131n da kabul etti\u011fi kupa (hacamat) tedavisi, tam da bu [&hellip;]<\/p>\n","protected":false},"author":1,"featured_media":83,"parent":0,"menu_order":0,"comment_status":"closed","ping_status":"closed","template":"","meta":{"footnotes":""},"class_list":["post-17","page","type-page","status-publish","has-post-thumbnail","hentry"],"_links":{"self":[{"href":"https:\/\/www.drhayriyealp.com\/index.php?rest_route=\/wp\/v2\/pages\/17","targetHints":{"allow":["GET"]}}],"collection":[{"href":"https:\/\/www.drhayriyealp.com\/index.php?rest_route=\/wp\/v2\/pages"}],"about":[{"href":"https:\/\/www.drhayriyealp.com\/index.php?rest_route=\/wp\/v2\/types\/page"}],"author":[{"embeddable":true,"href":"https:\/\/www.drhayriyealp.com\/index.php?rest_route=\/wp\/v2\/users\/1"}],"replies":[{"embeddable":true,"href":"https:\/\/www.drhayriyealp.com\/index.php?rest_route=%2Fwp%2Fv2%2Fcomments&post=17"}],"version-history":[{"count":5,"href":"https:\/\/www.drhayriyealp.com\/index.php?rest_route=\/wp\/v2\/pages\/17\/revisions"}],"predecessor-version":[{"id":183,"href":"https:\/\/www.drhayriyealp.com\/index.php?rest_route=\/wp\/v2\/pages\/17\/revisions\/183"}],"wp:featuredmedia":[{"embeddable":true,"href":"https:\/\/www.drhayriyealp.com\/index.php?rest_route=\/wp\/v2\/media\/83"}],"wp:attachment":[{"href":"https:\/\/www.drhayriyealp.com\/index.php?rest_route=%2Fwp%2Fv2%2Fmedia&parent=17"}],"curies":[{"name":"wp","href":"https:\/\/api.w.org\/{rel}","templated":true}]}}