{"id":16,"date":"2025-11-22T08:59:41","date_gmt":"2025-11-22T08:59:41","guid":{"rendered":"https:\/\/www.drhayriyealp.com\/?page_id=16"},"modified":"2026-02-25T10:04:45","modified_gmt":"2026-02-25T10:04:45","slug":"proloterapi","status":"publish","type":"page","link":"https:\/\/www.drhayriyealp.com\/?page_id=16","title":{"rendered":"Proloterapi"},"content":{"rendered":"\n<h1 class=\"wp-block-heading\">Proloterapi<\/h1>\n\n\n\n<p><strong>Proloterapi<\/strong>, kronik a\u011fr\u0131 ve kas-iskelet sistemi problemleri ya\u015fayan hastalar i\u00e7in cerrahiye gerek kalmadan uygulanan, etkili ve kal\u0131c\u0131 tedavi y\u00f6ntemlerinden biridir. \u00d6zellikle bel, boyun, diz ve omuz a\u011fr\u0131lar\u0131nda tercih edilen bu y\u00f6ntem, v\u00fccudun kendi onar\u0131m mekanizmas\u0131n\u0131 harekete ge\u00e7irerek do\u011fal iyile\u015fmeyi destekler. proloterapi uygulamalar\u0131, b\u00fct\u00fcnc\u00fcl t\u0131p yakla\u015f\u0131m\u0131yla tan\u0131nan <strong>Uzm. Dr. Hayriye Alp<\/strong> taraf\u0131ndan ki\u015fiye \u00f6zel planlanarak ba\u015far\u0131yla ger\u00e7ekle\u015ftirilmektedir.<\/p>\n\n\n\n<p>Proloterapi, a\u011fr\u0131n\u0131n sadece bask\u0131lanmas\u0131n\u0131 de\u011fil, kayna\u011f\u0131n\u0131n ortadan kald\u0131r\u0131lmas\u0131n\u0131 hedefler. Bu nedenle <strong>Proloterapi<\/strong> aramalar\u0131 son y\u0131llarda ciddi oranda art\u0131\u015f g\u00f6stermi\u015ftir.<\/p>\n\n\n\n<h2 class=\"wp-block-heading\">Proloterapi Nedir?<\/h2>\n\n\n\n<p>Proloterapi; zay\u0131flam\u0131\u015f, hasar g\u00f6rm\u00fc\u015f ya da gev\u015femi\u015f ba\u011f, tendon ve eklem yap\u0131lar\u0131na \u00f6zel enjeksiyon sol\u00fcsyonlar\u0131n\u0131n uygulanmas\u0131yla yap\u0131lan bir tedavidir. Bu enjeksiyonlar, b\u00f6lgedeki iyile\u015fme s\u00fcrecini tetikler ve dokular\u0131n yeniden g\u00fc\u00e7lenmesini sa\u011flar.<\/p>\n","protected":false},"excerpt":{"rendered":"<p>Proloterapi Proloterapi, kronik a\u011fr\u0131 ve kas-iskelet sistemi problemleri ya\u015fayan hastalar i\u00e7in cerrahiye gerek kalmadan uygulanan, etkili ve kal\u0131c\u0131 tedavi y\u00f6ntemlerinden biridir. \u00d6zellikle bel, boyun, diz ve omuz a\u011fr\u0131lar\u0131nda tercih edilen bu y\u00f6ntem, v\u00fccudun kendi onar\u0131m mekanizmas\u0131n\u0131 harekete ge\u00e7irerek do\u011fal iyile\u015fmeyi destekler. proloterapi uygulamalar\u0131, b\u00fct\u00fcnc\u00fcl t\u0131p yakla\u015f\u0131m\u0131yla tan\u0131nan Uzm. Dr. Hayriye Alp taraf\u0131ndan ki\u015fiye \u00f6zel planlanarak [&hellip;]<\/p>\n","protected":false},"author":1,"featured_media":86,"parent":0,"menu_order":0,"comment_status":"closed","ping_status":"closed","template":"","meta":{"footnotes":""},"class_list":["post-16","page","type-page","status-publish","has-post-thumbnail","hentry"],"_links":{"self":[{"href":"https:\/\/www.drhayriyealp.com\/index.php?rest_route=\/wp\/v2\/pages\/16","targetHints":{"allow":["GET"]}}],"collection":[{"href":"https:\/\/www.drhayriyealp.com\/index.php?rest_route=\/wp\/v2\/pages"}],"about":[{"href":"https:\/\/www.drhayriyealp.com\/index.php?rest_route=\/wp\/v2\/types\/page"}],"author":[{"embeddable":true,"href":"https:\/\/www.drhayriyealp.com\/index.php?rest_route=\/wp\/v2\/users\/1"}],"replies":[{"embeddable":true,"href":"https:\/\/www.drhayriyealp.com\/index.php?rest_route=%2Fwp%2Fv2%2Fcomments&post=16"}],"version-history":[{"count":5,"href":"https:\/\/www.drhayriyealp.com\/index.php?rest_route=\/wp\/v2\/pages\/16\/revisions"}],"predecessor-version":[{"id":188,"href":"https:\/\/www.drhayriyealp.com\/index.php?rest_route=\/wp\/v2\/pages\/16\/revisions\/188"}],"wp:featuredmedia":[{"embeddable":true,"href":"https:\/\/www.drhayriyealp.com\/index.php?rest_route=\/wp\/v2\/media\/86"}],"wp:attachment":[{"href":"https:\/\/www.drhayriyealp.com\/index.php?rest_route=%2Fwp%2Fv2%2Fmedia&parent=16"}],"curies":[{"name":"wp","href":"https:\/\/api.w.org\/{rel}","templated":true}]}}