{"id":15,"date":"2025-11-22T08:59:37","date_gmt":"2025-11-22T08:59:37","guid":{"rendered":"https:\/\/www.drhayriyealp.com\/?page_id=15"},"modified":"2026-02-25T10:06:14","modified_gmt":"2026-02-25T10:06:14","slug":"akupunktur","status":"publish","type":"page","link":"https:\/\/www.drhayriyealp.com\/?page_id=15","title":{"rendered":"Akupunktur"},"content":{"rendered":"\n<h1 class=\"wp-block-heading\">Akupunktur<\/h1>\n\n\n\n<p>akupunktur uygulamalar\u0131, son y\u0131llarda hem tamamlay\u0131c\u0131 hem de destekleyici t\u0131p alan\u0131nda giderek daha fazla tercih edilmektedir. Do\u011fal, ila\u00e7s\u0131z ve b\u00fct\u00fcnc\u00fcl bir tedavi yakla\u015f\u0131m\u0131 sunan akupunktur; a\u011fr\u0131 y\u00f6netiminden stres kontrol\u00fcne, kilo verme s\u00fcrecinden kronik hastal\u0131klara kadar bir\u00e7ok alanda etkili sonu\u00e7lar sunar. akupunktur denildi\u011finde, bilimsel yakla\u015f\u0131m\u0131 ve hasta odakl\u0131 tedavi anlay\u0131\u015f\u0131yla \u00f6ne \u00e7\u0131kan isimlerden biri de <strong>Uzm. Dr. Hayriye Alp<\/strong>\u2019tir.<\/p>\n\n\n\n<p>Uzm. Dr. Hayriye Alp, modern t\u0131bb\u0131n olanaklar\u0131n\u0131 geleneksel ve tamamlay\u0131c\u0131 t\u0131p y\u00f6ntemleriyle birle\u015ftirerek, hastalar\u0131na g\u00fcvenilir ve ki\u015fiye \u00f6zel \u00e7\u00f6z\u00fcmler sunmaktad\u0131r. akupunktur hizmetlerinde etik, bilimsel ve s\u00fcrd\u00fcr\u00fclebilir tedavi prensiplerini benimseyen yakla\u015f\u0131m\u0131yla, b\u00f6lgedeki \u00f6nemli referans noktalar\u0131ndan biridir.<\/p>\n\n\n\n<h2 class=\"wp-block-heading\">Akupunktur Nedir?<\/h2>\n\n\n\n<p>Akupunktur, binlerce y\u0131ll\u0131k ge\u00e7mi\u015fe sahip, v\u00fccuttaki enerji ak\u0131\u015f\u0131n\u0131 dengelemeyi ama\u00e7layan bir tedavi y\u00f6ntemidir. V\u00fccudun belirli noktalar\u0131na ince ve steril i\u011fneler uygulanarak, sinir sistemi uyar\u0131l\u0131r ve iyile\u015fme mekanizmalar\u0131 harekete ge\u00e7irilir. akupunktur uygulamalar\u0131nda ama\u00e7; yaln\u0131zca semptomlar\u0131 bask\u0131lamak de\u011fil, problemin kayna\u011f\u0131na inerek kal\u0131c\u0131 rahatlama sa\u011flamakt\u0131r.<\/p>\n","protected":false},"excerpt":{"rendered":"<p>Akupunktur akupunktur uygulamalar\u0131, son y\u0131llarda hem tamamlay\u0131c\u0131 hem de destekleyici t\u0131p alan\u0131nda giderek daha fazla tercih edilmektedir. Do\u011fal, ila\u00e7s\u0131z ve b\u00fct\u00fcnc\u00fcl bir tedavi yakla\u015f\u0131m\u0131 sunan akupunktur; a\u011fr\u0131 y\u00f6netiminden stres kontrol\u00fcne, kilo verme s\u00fcrecinden kronik hastal\u0131klara kadar bir\u00e7ok alanda etkili sonu\u00e7lar sunar. akupunktur denildi\u011finde, bilimsel yakla\u015f\u0131m\u0131 ve hasta odakl\u0131 tedavi anlay\u0131\u015f\u0131yla \u00f6ne \u00e7\u0131kan isimlerden biri de [&hellip;]<\/p>\n","protected":false},"author":1,"featured_media":79,"parent":0,"menu_order":0,"comment_status":"closed","ping_status":"closed","template":"","meta":{"footnotes":""},"class_list":["post-15","page","type-page","status-publish","has-post-thumbnail","hentry"],"_links":{"self":[{"href":"https:\/\/www.drhayriyealp.com\/index.php?rest_route=\/wp\/v2\/pages\/15","targetHints":{"allow":["GET"]}}],"collection":[{"href":"https:\/\/www.drhayriyealp.com\/index.php?rest_route=\/wp\/v2\/pages"}],"about":[{"href":"https:\/\/www.drhayriyealp.com\/index.php?rest_route=\/wp\/v2\/types\/page"}],"author":[{"embeddable":true,"href":"https:\/\/www.drhayriyealp.com\/index.php?rest_route=\/wp\/v2\/users\/1"}],"replies":[{"embeddable":true,"href":"https:\/\/www.drhayriyealp.com\/index.php?rest_route=%2Fwp%2Fv2%2Fcomments&post=15"}],"version-history":[{"count":5,"href":"https:\/\/www.drhayriyealp.com\/index.php?rest_route=\/wp\/v2\/pages\/15\/revisions"}],"predecessor-version":[{"id":191,"href":"https:\/\/www.drhayriyealp.com\/index.php?rest_route=\/wp\/v2\/pages\/15\/revisions\/191"}],"wp:featuredmedia":[{"embeddable":true,"href":"https:\/\/www.drhayriyealp.com\/index.php?rest_route=\/wp\/v2\/media\/79"}],"wp:attachment":[{"href":"https:\/\/www.drhayriyealp.com\/index.php?rest_route=%2Fwp%2Fv2%2Fmedia&parent=15"}],"curies":[{"name":"wp","href":"https:\/\/api.w.org\/{rel}","templated":true}]}}