{"id":12,"date":"2025-11-22T08:59:07","date_gmt":"2025-11-22T08:59:07","guid":{"rendered":"https:\/\/www.drhayriyealp.com\/?page_id=12"},"modified":"2026-02-25T10:01:54","modified_gmt":"2026-02-25T10:01:54","slug":"hakkimda","status":"publish","type":"page","link":"https:\/\/www.drhayriyealp.com\/?page_id=12","title":{"rendered":"Hakk\u0131mda"},"content":{"rendered":"\n<h1 class=\"wp-block-heading\">Uzm. Dr. Hayriye Alp<\/h1>\n\n\n\n<h2 class=\"wp-block-heading\">Anestezi ve Reanimasyon Uzman\u0131<\/h2>\n\n\n\n<p>Uzm. Dr. Hayriye Alp, Akupunktur, Proloterapi, Fitoterapi, Kupa (Hacamat) Terapisi, Mezoterapi, Ozon Terapisi, S\u00fcl\u00fck Tedavisi, Homeopati ve kronik hastal\u0131klar ile kronik a\u011fr\u0131 tedavisi alanlar\u0131nda uzmanla\u015fm\u0131\u015f bir hekimdir. Hastalar\u0131na modern t\u0131p ile tamamlay\u0131c\u0131 ve alternatif tedavi y\u00f6ntemlerini birle\u015ftirerek b\u00fct\u00fcnc\u00fcl sa\u011fl\u0131k hizmeti sunmakta, ki\u015fiye \u00f6zel tedavi planlar\u0131yla ya\u015fam kalitesini art\u0131rmay\u0131 hedeflemektedir.<\/p>\n\n\n\n<!--more Devam\u0131n\u0131 Oku-->\n\n\n\n<p>1975 y\u0131l\u0131nda Karap\u0131nar, Konya\u2019da do\u011fmu\u015ftur. \u0130lk, orta ve lise e\u011fitimini memleketinde tamamlad\u0131ktan sonra, 1992 y\u0131l\u0131nda Dokuz Eyl\u00fcl \u00dcniversitesi T\u0131p Fak\u00fcltesi Hastanesi\u2019nde t\u0131p e\u011fitimine ba\u015flam\u0131\u015f ve 1998 y\u0131l\u0131nda mezun olmu\u015ftur. Mezuniyetinin ard\u0131ndan Karap\u0131nar 2 No\u2019lu Sa\u011fl\u0131k Oca\u011f\u0131\u2019nda mecburi hizmetini tamamlayan Dr. Alp, s\u0131ras\u0131yla Konya 22, 18 ve 30 No\u2019lu sa\u011fl\u0131k ocaklar\u0131nda tabip doktor olarak g\u00f6rev alm\u0131\u015ft\u0131r.<\/p>\n\n\n\n<p>2001-2003 y\u0131llar\u0131 aras\u0131nda Karadeniz Teknik \u00dcniversitesi\u2019nde mikrobiyoloji asistanl\u0131\u011f\u0131 yapan Dr. Hayriye Alp, 2008 y\u0131l\u0131nda Necmettin Erbakan \u00dcniversitesi T\u0131p Fak\u00fcltesi\u2019nde Anestezi ve Reanimasyon Ara\u015ft\u0131rma G\u00f6revlisi olarak \u00e7al\u0131\u015fmaya ba\u015flam\u0131\u015ft\u0131r. 2012 y\u0131l\u0131nda uzman doktor olarak Seydi\u015fehir Devlet Hastanesi\u2019nde g\u00f6revini s\u00fcrd\u00fcrm\u00fc\u015ft\u00fcr.<\/p>\n\n\n\n<p>Mecburi hizmetinin ard\u0131ndan akademik kariyerine y\u00f6nelen Dr. Alp, 2015 y\u0131l\u0131ndan itibaren Necmettin Erbakan \u00dcniversitesi Sa\u011fl\u0131k Bilimleri Fak\u00fcltesi Fizyoterapi ve Rehabilitasyon B\u00f6l\u00fcm\u00fc\u2019nde Dr. \u00d6\u011fretim \u00dcyesi olarak g\u00f6rev yapmaktad\u0131r. Evli ve bir \u00e7ocuk annesidir.<\/p>\n\n\n\n<p>2016-2017 y\u0131llar\u0131nda kurucusu oldu\u011fu GETAT Merkez\u2019de M\u00fcd\u00fcr ve ABD Ba\u015fkan\u0131 olarak g\u00f6rev yapan Dr. Alp, lisans e\u011fitiminin yan\u0131 s\u0131ra y\u00fcksek lisans programlar\u0131 y\u00fcr\u00fctm\u00fc\u015f, Akupunktur, Proloterapi, Fitoterapi, Kupa Terapisi, Mezoterapi, Hirudoterapi (S\u00fcl\u00fck Tedavisi), Homeopati, Ozon Terapi, Aromaterapi, Sh\u00fcssler Mineralleri E\u011fitim ve \u015eelasyon alanlar\u0131nda sertifikalara sahiptir. Getat \u00fczerine BAP projeleri y\u00fcr\u00fctm\u00fc\u015f ve ulusal ile uluslararas\u0131 bir\u00e7ok yay\u0131n\u0131 bulunmaktad\u0131r. Ayr\u0131ca Dokuz Eyl\u00fcl \u00dcniversitesi T\u0131p Fak\u00fcltesi GETAT Merkez e\u011fitimleri kapsam\u0131nda e\u011fitici olarak g\u00f6rev yapm\u0131\u015ft\u0131r.<\/p>\n","protected":false},"excerpt":{"rendered":"<p>Uzm. Dr. Hayriye Alp Anestezi ve Reanimasyon Uzman\u0131 Uzm. Dr. Hayriye Alp, Akupunktur, Proloterapi, Fitoterapi, Kupa (Hacamat) Terapisi, Mezoterapi, Ozon Terapisi, S\u00fcl\u00fck Tedavisi, Homeopati ve kronik hastal\u0131klar ile kronik a\u011fr\u0131 tedavisi alanlar\u0131nda uzmanla\u015fm\u0131\u015f bir hekimdir. Hastalar\u0131na modern t\u0131p ile tamamlay\u0131c\u0131 ve alternatif tedavi y\u00f6ntemlerini birle\u015ftirerek b\u00fct\u00fcnc\u00fcl sa\u011fl\u0131k hizmeti sunmakta, ki\u015fiye \u00f6zel tedavi planlar\u0131yla ya\u015fam kalitesini [&hellip;]<\/p>\n","protected":false},"author":1,"featured_media":116,"parent":0,"menu_order":0,"comment_status":"closed","ping_status":"closed","template":"","meta":{"footnotes":""},"class_list":["post-12","page","type-page","status-publish","has-post-thumbnail","hentry"],"_links":{"self":[{"href":"https:\/\/www.drhayriyealp.com\/index.php?rest_route=\/wp\/v2\/pages\/12","targetHints":{"allow":["GET"]}}],"collection":[{"href":"https:\/\/www.drhayriyealp.com\/index.php?rest_route=\/wp\/v2\/pages"}],"about":[{"href":"https:\/\/www.drhayriyealp.com\/index.php?rest_route=\/wp\/v2\/types\/page"}],"author":[{"embeddable":true,"href":"https:\/\/www.drhayriyealp.com\/index.php?rest_route=\/wp\/v2\/users\/1"}],"replies":[{"embeddable":true,"href":"https:\/\/www.drhayriyealp.com\/index.php?rest_route=%2Fwp%2Fv2%2Fcomments&post=12"}],"version-history":[{"count":10,"href":"https:\/\/www.drhayriyealp.com\/index.php?rest_route=\/wp\/v2\/pages\/12\/revisions"}],"predecessor-version":[{"id":179,"href":"https:\/\/www.drhayriyealp.com\/index.php?rest_route=\/wp\/v2\/pages\/12\/revisions\/179"}],"wp:featuredmedia":[{"embeddable":true,"href":"https:\/\/www.drhayriyealp.com\/index.php?rest_route=\/wp\/v2\/media\/116"}],"wp:attachment":[{"href":"https:\/\/www.drhayriyealp.com\/index.php?rest_route=%2Fwp%2Fv2%2Fmedia&parent=12"}],"curies":[{"name":"wp","href":"https:\/\/api.w.org\/{rel}","templated":true}]}}